{"id":89,"date":"2009-07-23T11:53:22","date_gmt":"2009-07-23T16:53:22","guid":{"rendered":"http:\/\/www.nsa.edu.pe\/?page_id=89"},"modified":"2018-03-08T10:20:15","modified_gmt":"2018-03-08T15:20:15","slug":"direccion","status":"publish","type":"page","link":"https:\/\/www.nsa.edu.pe\/beta2\/quienes-somos\/direccion","title":{"rendered":"Direcci\u00f3n"},"content":{"rendered":"<p>Actualmente est\u00e1 dirigido por la Srta. Patricia Casafranca\u00a0 Acurio<\/p>\n<ul>\n<li>Licenciada en Educaci\u00f3n Primaria.<\/li>\n<li>Maestr\u00eda en Problemas de aprendizaje.<\/li>\n<li>Especialista en problemas de aprendizaje.<\/li>\n<li>Diplomado en Gesti\u00f3n Empresarial aplicada a la Educaci\u00f3n.<\/li>\n<li>Diplomado en Educaci\u00f3n inclusiva.<\/li>\n<\/ul>\n<p><img loading=\"lazy\" decoding=\"async\" class=\"wp-image-928 alignleft\" src=\"http:\/\/www.nsa.edu.pe\/wp-content\/uploads\/2018\/03\/thumbnail_20180308_084234-180x300.jpg\" alt=\"\" width=\"275\" height=\"459\" srcset=\"https:\/\/www.nsa.edu.pe\/beta2\/wp-content\/uploads\/2018\/03\/thumbnail_20180308_084234-180x300.jpg 180w, https:\/\/www.nsa.edu.pe\/beta2\/wp-content\/uploads\/2018\/03\/thumbnail_20180308_084234.jpg 768w, https:\/\/www.nsa.edu.pe\/beta2\/wp-content\/uploads\/2018\/03\/thumbnail_20180308_084234-614x1024.jpg 614w\" sizes=\"auto, (max-width: 275px) 100vw, 275px\" \/><\/p>\n<p style=\"text-align: center;\">\n","protected":false},"excerpt":{"rendered":"<p>Actualmente est\u00e1 dirigido por la Srta. Patricia Casafranca\u00a0 Acurio Licenciada en Educaci\u00f3n Primaria. Maestr\u00eda en Problemas de aprendizaje. Especialista en problemas de aprendizaje. Diplomado en Gesti\u00f3n Empresarial aplicada a la Educaci\u00f3n. Diplomado en Educaci\u00f3n inclusiva.<\/p>\n","protected":false},"author":1,"featured_media":0,"parent":3,"menu_order":0,"comment_status":"closed","ping_status":"open","template":"","meta":{"footnotes":""},"class_list":["post-89","page","type-page","status-publish","hentry"],"_links":{"self":[{"href":"https:\/\/www.nsa.edu.pe\/beta2\/wp-json\/wp\/v2\/pages\/89","targetHints":{"allow":["GET"]}}],"collection":[{"href":"https:\/\/www.nsa.edu.pe\/beta2\/wp-json\/wp\/v2\/pages"}],"about":[{"href":"https:\/\/www.nsa.edu.pe\/beta2\/wp-json\/wp\/v2\/types\/page"}],"author":[{"embeddable":true,"href":"https:\/\/www.nsa.edu.pe\/beta2\/wp-json\/wp\/v2\/users\/1"}],"replies":[{"embeddable":true,"href":"https:\/\/www.nsa.edu.pe\/beta2\/wp-json\/wp\/v2\/comments?post=89"}],"version-history":[{"count":10,"href":"https:\/\/www.nsa.edu.pe\/beta2\/wp-json\/wp\/v2\/pages\/89\/revisions"}],"predecessor-version":[{"id":936,"href":"https:\/\/www.nsa.edu.pe\/beta2\/wp-json\/wp\/v2\/pages\/89\/revisions\/936"}],"up":[{"embeddable":true,"href":"https:\/\/www.nsa.edu.pe\/beta2\/wp-json\/wp\/v2\/pages\/3"}],"wp:attachment":[{"href":"https:\/\/www.nsa.edu.pe\/beta2\/wp-json\/wp\/v2\/media?parent=89"}],"curies":[{"name":"wp","href":"https:\/\/api.w.org\/{rel}","templated":true}]}}