{"id":2,"date":"2009-07-09T09:16:32","date_gmt":"2009-07-09T16:16:32","guid":{"rendered":"http:\/\/www.nsa.edu.pe\/?page_id=2"},"modified":"2020-07-09T21:38:44","modified_gmt":"2020-07-10T02:38:44","slug":"contacto","status":"publish","type":"page","link":"https:\/\/www.nsa.edu.pe\/beta2\/contacto","title":{"rendered":"Contacto"},"content":{"rendered":"<p>Env\u00edanos un mensaje:<\/p>\n<p>[wpforms id=\u00bb873&#8243;]<br \/>Direcci\u00f3n:<br \/><span class=\"_2iem\">Calle Sullana 135<\/span><br \/>Surco, Lima 33<br \/>Per\u00fa<\/p>\n<p>Tel\u00e9fono:<\/p>\n<ul>\n<li>969-773-693<\/li>\n<li>(1)278-0238<\/li>\n<\/ul>\n\n\n<div class=\"wp-block-group\"><div class=\"wp-block-group__inner-container is-layout-flow wp-block-group-is-layout-flow\">\n<figure class=\"wp-block-image size-large\"><a href=\"Ampliar mapa\"><img loading=\"lazy\" decoding=\"async\" width=\"438\" height=\"446\" src=\"http:\/\/www.nsa.edu.pe\/wp-content\/uploads\/2020\/04\/mapajpg.jpg\" alt=\"\" class=\"wp-image-1285\" srcset=\"https:\/\/www.nsa.edu.pe\/beta2\/wp-content\/uploads\/2020\/04\/mapajpg.jpg 438w, https:\/\/www.nsa.edu.pe\/beta2\/wp-content\/uploads\/2020\/04\/mapajpg-295x300.jpg 295w\" sizes=\"auto, (max-width: 438px) 100vw, 438px\" \/><\/a><\/figure>\n<\/div><\/div>\n\n\n\n<p><small><a href=\"https:\/\/www.google.com\/maps\/place\/Colegio+Nuestra+Se%C3%B1ora+de+la+Asunci%C3%B3n\/@-12.1442245,-76.9894624,17z\/data=!3m1!4b1!4m5!3m4!1s0x9105b8134d16df61:0x1f9a8001d3061e8c!8m2!3d-12.1442245!4d-76.9872737?hl=es\">Ampliar mapa<\/a><\/small><\/p>\n","protected":false},"excerpt":{"rendered":"<p>Env\u00edanos un mensaje: [wpforms id=\u00bb873&#8243;]Direcci\u00f3n:Calle Sullana 135Surco, Lima 33Per\u00fa Tel\u00e9fono: 969-773-693 (1)278-0238 Ampliar mapa<\/p>\n","protected":false},"author":1,"featured_media":0,"parent":0,"menu_order":0,"comment_status":"closed","ping_status":"closed","template":"","meta":{"footnotes":""},"class_list":["post-2","page","type-page","status-publish","hentry"],"_links":{"self":[{"href":"https:\/\/www.nsa.edu.pe\/beta2\/wp-json\/wp\/v2\/pages\/2","targetHints":{"allow":["GET"]}}],"collection":[{"href":"https:\/\/www.nsa.edu.pe\/beta2\/wp-json\/wp\/v2\/pages"}],"about":[{"href":"https:\/\/www.nsa.edu.pe\/beta2\/wp-json\/wp\/v2\/types\/page"}],"author":[{"embeddable":true,"href":"https:\/\/www.nsa.edu.pe\/beta2\/wp-json\/wp\/v2\/users\/1"}],"replies":[{"embeddable":true,"href":"https:\/\/www.nsa.edu.pe\/beta2\/wp-json\/wp\/v2\/comments?post=2"}],"version-history":[{"count":10,"href":"https:\/\/www.nsa.edu.pe\/beta2\/wp-json\/wp\/v2\/pages\/2\/revisions"}],"predecessor-version":[{"id":1374,"href":"https:\/\/www.nsa.edu.pe\/beta2\/wp-json\/wp\/v2\/pages\/2\/revisions\/1374"}],"wp:attachment":[{"href":"https:\/\/www.nsa.edu.pe\/beta2\/wp-json\/wp\/v2\/media?parent=2"}],"curies":[{"name":"wp","href":"https:\/\/api.w.org\/{rel}","templated":true}]}}