{"id":17,"date":"2009-07-13T09:46:32","date_gmt":"2009-07-13T16:46:32","guid":{"rendered":"http:\/\/www.nsa.edu.pe\/?page_id=17"},"modified":"2018-03-06T09:47:54","modified_gmt":"2018-03-06T14:47:54","slug":"mision-y-vision","status":"publish","type":"page","link":"https:\/\/www.nsa.edu.pe\/beta2\/quienes-somos\/mision-y-vision","title":{"rendered":"Misi\u00f3n y Visi\u00f3n"},"content":{"rendered":"<p><strong>MISI\u00d3N<\/strong><\/p>\n<p>Somos una comunidad educativa laica comprometida con el mensaje de Jes\u00fas y de su madre Mar\u00eda.<\/p>\n<p>Desarrollamos una formaci\u00f3n humanista de acuerdo a nuestros valores institucionales, estamos dirigidos a ni\u00f1os, j\u00f3venes y familias de la Comunidad del distrito de Santiago de Surco, buscamos formar personas de bien a trav\u00e9s de una educaci\u00f3n integral, para que convivan de manera armoniosa en diversos entornos.<\/p>\n<p><strong>\u00a0<\/strong><\/p>\n<p><strong>VISI\u00d3N<\/strong><\/p>\n<p>Ser una Comunidad Educativa laica, comprometida con el mensaje de Jes\u00fas y de su madre Mar\u00eda Atendiendo a las nuevas generaciones de nuestra comunidad brind\u00e1ndoles herramientas necesarias para convivir en un mundo globalizado que promueva una educaci\u00f3n integral en los ni\u00f1os y j\u00f3venes, respetando sus ritmos y estilos de aprendizaje; desarrollando los valores asuntinos con un proyecto innovador formativo e integrador acorde con los avances tecnol\u00f3gicos y brindando una educaci\u00f3n de calidad con un enfoque humanista.<\/p>\n","protected":false},"excerpt":{"rendered":"<p>MISI\u00d3N Somos una comunidad educativa laica comprometida con el mensaje de Jes\u00fas y de su madre Mar\u00eda. Desarrollamos una formaci\u00f3n humanista de acuerdo a nuestros valores institucionales, estamos dirigidos a ni\u00f1os, j\u00f3venes y familias de la Comunidad del distrito de Santiago de Surco, buscamos formar personas de bien a trav\u00e9s de una educaci\u00f3n integral, para &hellip; <a href=\"https:\/\/www.nsa.edu.pe\/beta2\/quienes-somos\/mision-y-vision\">Continue reading <span class=\"meta-nav\">&rarr;<\/span><\/a><\/p>\n","protected":false},"author":1,"featured_media":0,"parent":3,"menu_order":0,"comment_status":"closed","ping_status":"closed","template":"","meta":{"footnotes":""},"class_list":["post-17","page","type-page","status-publish","hentry"],"_links":{"self":[{"href":"https:\/\/www.nsa.edu.pe\/beta2\/wp-json\/wp\/v2\/pages\/17","targetHints":{"allow":["GET"]}}],"collection":[{"href":"https:\/\/www.nsa.edu.pe\/beta2\/wp-json\/wp\/v2\/pages"}],"about":[{"href":"https:\/\/www.nsa.edu.pe\/beta2\/wp-json\/wp\/v2\/types\/page"}],"author":[{"embeddable":true,"href":"https:\/\/www.nsa.edu.pe\/beta2\/wp-json\/wp\/v2\/users\/1"}],"replies":[{"embeddable":true,"href":"https:\/\/www.nsa.edu.pe\/beta2\/wp-json\/wp\/v2\/comments?post=17"}],"version-history":[{"count":5,"href":"https:\/\/www.nsa.edu.pe\/beta2\/wp-json\/wp\/v2\/pages\/17\/revisions"}],"predecessor-version":[{"id":911,"href":"https:\/\/www.nsa.edu.pe\/beta2\/wp-json\/wp\/v2\/pages\/17\/revisions\/911"}],"up":[{"embeddable":true,"href":"https:\/\/www.nsa.edu.pe\/beta2\/wp-json\/wp\/v2\/pages\/3"}],"wp:attachment":[{"href":"https:\/\/www.nsa.edu.pe\/beta2\/wp-json\/wp\/v2\/media?parent=17"}],"curies":[{"name":"wp","href":"https:\/\/api.w.org\/{rel}","templated":true}]}}