{"id":15,"date":"2009-07-13T09:46:15","date_gmt":"2009-07-13T16:46:15","guid":{"rendered":"http:\/\/www.nsa.edu.pe\/?page_id=15"},"modified":"2018-03-06T11:57:36","modified_gmt":"2018-03-06T16:57:36","slug":"valores","status":"publish","type":"page","link":"https:\/\/www.nsa.edu.pe\/beta2\/quienes-somos\/valores","title":{"rendered":"Valores"},"content":{"rendered":"<p>Nuestra Instituci\u00f3n busca el desarrollo integral del educando, estableciendo sus capacidades y habilidades poniendo \u00e9nfasis en la pr\u00e1ctica de los valores de manera transversal en las diferentes \u00e1reas.<\/p>\n<p>Este a\u00f1o\u00a0est\u00e1mos\u00a0fortaleciendo los siguientes\u00a0valores, a trav\u00e9s de los diferentes proyectos institucionales:<\/p>\n<ul>\n<li>Responsabilidad<\/li>\n<li>\u00a0Identidad<\/li>\n<li>Amistad<\/li>\n<li>Solidaridad<\/li>\n<\/ul>\n","protected":false},"excerpt":{"rendered":"<p>Nuestra Instituci\u00f3n busca el desarrollo integral del educando, estableciendo sus capacidades y habilidades poniendo \u00e9nfasis en la pr\u00e1ctica de los valores de manera transversal en las diferentes \u00e1reas. Este a\u00f1o\u00a0est\u00e1mos\u00a0fortaleciendo los siguientes\u00a0valores, a trav\u00e9s de los diferentes proyectos institucionales: Responsabilidad \u00a0Identidad Amistad Solidaridad<\/p>\n","protected":false},"author":1,"featured_media":0,"parent":3,"menu_order":0,"comment_status":"closed","ping_status":"closed","template":"","meta":{"footnotes":""},"class_list":["post-15","page","type-page","status-publish","hentry"],"_links":{"self":[{"href":"https:\/\/www.nsa.edu.pe\/beta2\/wp-json\/wp\/v2\/pages\/15","targetHints":{"allow":["GET"]}}],"collection":[{"href":"https:\/\/www.nsa.edu.pe\/beta2\/wp-json\/wp\/v2\/pages"}],"about":[{"href":"https:\/\/www.nsa.edu.pe\/beta2\/wp-json\/wp\/v2\/types\/page"}],"author":[{"embeddable":true,"href":"https:\/\/www.nsa.edu.pe\/beta2\/wp-json\/wp\/v2\/users\/1"}],"replies":[{"embeddable":true,"href":"https:\/\/www.nsa.edu.pe\/beta2\/wp-json\/wp\/v2\/comments?post=15"}],"version-history":[{"count":8,"href":"https:\/\/www.nsa.edu.pe\/beta2\/wp-json\/wp\/v2\/pages\/15\/revisions"}],"predecessor-version":[{"id":927,"href":"https:\/\/www.nsa.edu.pe\/beta2\/wp-json\/wp\/v2\/pages\/15\/revisions\/927"}],"up":[{"embeddable":true,"href":"https:\/\/www.nsa.edu.pe\/beta2\/wp-json\/wp\/v2\/pages\/3"}],"wp:attachment":[{"href":"https:\/\/www.nsa.edu.pe\/beta2\/wp-json\/wp\/v2\/media?parent=15"}],"curies":[{"name":"wp","href":"https:\/\/api.w.org\/{rel}","templated":true}]}}